{"id":6,"date":"2022-08-30T20:09:41","date_gmt":"2022-08-30T20:09:41","guid":{"rendered":"https:\/\/www.andess.cl\/EMA\/?page_id=6"},"modified":"2023-10-24T20:50:42","modified_gmt":"2023-10-24T20:50:42","slug":"inicio","status":"publish","type":"page","link":"https:\/\/www.andess.cl\/EMA\/","title":{"rendered":"Inicio"},"content":{"rendered":"[vc_row][vc_column]<div class=\"vcex-module vcex-image-banner wpex-relative wpex-overflow-hidden wpex-max-w-100 wpex-bg-gray-900 wpex-text-white wpex-float-center wpex-text-center vcex-has-img-tag\" ><img decoding=\"async\" src=\"https:\/\/www.andess.cl\/EMA\/wp-content\/uploads\/2022\/08\/agua2.png\" class=\"vcex-ib-img wpex-block wpex-z-1 wpex-transition-all wpex-duration-500\" \/><div class=\"vcex-ib-overlay wpex-absolute wpex-z-5 wpex-inset-0 wpex-transition-all wpex-duration-500\"><div class=\"vcex-ib-overlay-bg wpex-absolute wpex-inset-0 wpex-bg-black wpex-opacity-30\"><\/div><\/div><div class=\"vcex-ib-content-wrap wpex-z-10 wpex-w-100 wpex-transition-all wpex-duration-500 wpex-absolute wpex-inset-0 wpex-flex wpex-items-center wpex-clr\"><div class=\"vcex-ib-content wpex-flex-grow wpex-mx-auto wpex-clr\"><div class=\"vcex-ib-title wpex-heading wpex-inherit-color-important\">BIENVENIDOS<\/div><div class=\"vcex-ib-caption wpex-text-lg wpex-last-mb-0\">ESCUELA MUNICIPAL DEL AGUA<\/div><\/div><\/div><\/div>[\/vc_column][\/vc_row][vc_row][vc_column width=\u00bb1\/2&#8243;]<figure class=\"vcex-image vcex-module wpex-clr textcenter\"><div class=\"vcex-image-inner wpex-inline-block wpex-relative overlay-parent overlay-parent-title-center wpex-overflow-hidden\"><a href=\"https:\/\/www.andess.cl\/EMA\/primera-escuela-municipal-del-agua\/\"><img decoding=\"async\" loading=\"lazy\" class=\"wpex-align-middle\" src=\"https:\/\/www.andess.cl\/EMA\/wp-content\/uploads\/2022\/08\/blue-and-transparent-water-of-the-mediterranean-sea-sunlight-multiple-bubbles-scaled.jpg\" alt=\"\" width=\"2560\" height=\"1440\" \/>\n<div class=\"overlay-title-center theme-overlay wpex-absolute wpex-inset-0 wpex-transition-all wpex-duration-300 wpex-flex wpex-justify-center wpex-items-center wpex-text-center\">\n\t<span class=\"overlay-bg wpex-bg-black wpex-block wpex-absolute wpex-inset-0 wpex-opacity-50\"><\/span>\n\t<div class=\"overlay-content wpex-relative wpex-text-white wpex-uppercase wpex-font-semibold wpex-p-15 wpex-tracking-widest\">\n\t\t<span class=\"title\">Primera Escuela Municipal del Agua<\/span>\t<\/div>\n<\/div><\/a><\/div><\/figure>[vc_empty_space height=\u00bb10&#8243;][vc_column_text]\n<p style=\"text-align: center;\"><strong>Ciclo del agua, Clasificaci\u00f3n de las aguas en Chile seg\u00fan su uso&#8230;<span style=\"color: #333333;\"> <a style=\"color: #333333;\" href=\"https:\/\/www.andess.cl\/EMA\/primera-escuela-municipal-del-agua\/\">ver m\u00e1s<\/a><\/span><\/strong><\/p>\n[\/vc_column_text][\/vc_column][vc_column width=\u00bb1\/2&#8243;]<figure class=\"vcex-image vcex-module wpex-clr textcenter\"><div class=\"vcex-image-inner wpex-inline-block wpex-relative overlay-parent overlay-parent-title-center wpex-overflow-hidden\"><a href=\"https:\/\/www.andess.cl\/EMA\/segunda-escuela-municipal-del-agua\/\"><img decoding=\"async\" loading=\"lazy\" class=\"wpex-align-middle\" src=\"https:\/\/www.andess.cl\/EMA\/wp-content\/uploads\/2023\/01\/inicio2-scaled.jpg\" alt=\"\" width=\"2560\" height=\"1440\" \/>\n<div class=\"overlay-title-center theme-overlay wpex-absolute wpex-inset-0 wpex-transition-all wpex-duration-300 wpex-flex wpex-justify-center wpex-items-center wpex-text-center\">\n\t<span class=\"overlay-bg wpex-bg-black wpex-block wpex-absolute wpex-inset-0 wpex-opacity-50\"><\/span>\n\t<div class=\"overlay-content wpex-relative wpex-text-white wpex-uppercase wpex-font-semibold wpex-p-15 wpex-tracking-widest\">\n\t\t<span class=\"title\">Segunda Escuela Municipal del Agua<\/span>\t<\/div>\n<\/div><\/a><\/div><\/figure>[vc_empty_space height=\u00bb10&#8243;][vc_column_text]\n<p style=\"text-align: center;\"><strong>Institucionalidad de Agua en Chile y Europa, Re\u00faso y Desalinizaci\u00f3n&#8230;<span style=\"color: #333333;\"> <a style=\"color: #333333;\" href=\"https:\/\/www.andess.cl\/EMA\/segunda-escuela-municipal-del-agua\/\">ver m\u00e1s<\/a><\/span><\/strong><\/p>\n[\/vc_column_text][\/vc_column][\/vc_row]\n","protected":false},"excerpt":{"rendered":"<p>[vc_row][vc_column][\/vc_column][\/vc_row][vc_row][vc_column width=\u00bb1\/2&#8243;][vc_empty_space height=\u00bb10&#8243;][vc_column_text] Ciclo del agua, Clasificaci\u00f3n de las aguas en Chile seg\u00fan su uso&#8230; ver m\u00e1s [\/vc_column_text][\/vc_column][vc_column width=\u00bb1\/2&#8243;][vc_empty_space height=\u00bb10&#8243;][vc_column_text] Institucionalidad de Agua en Chile y Europa, Re\u00faso y Desalinizaci\u00f3n&#8230; ver m\u00e1s [\/vc_column_text][\/vc_column][\/vc_row]<\/p>\n","protected":false},"author":1,"featured_media":0,"parent":0,"menu_order":0,"comment_status":"closed","ping_status":"closed","template":"","meta":{"footnotes":""},"class_list":["post-6","page","type-page","status-publish","hentry","entry","no-media"],"_links":{"self":[{"href":"https:\/\/www.andess.cl\/EMA\/wp-json\/wp\/v2\/pages\/6","targetHints":{"allow":["GET"]}}],"collection":[{"href":"https:\/\/www.andess.cl\/EMA\/wp-json\/wp\/v2\/pages"}],"about":[{"href":"https:\/\/www.andess.cl\/EMA\/wp-json\/wp\/v2\/types\/page"}],"author":[{"embeddable":true,"href":"https:\/\/www.andess.cl\/EMA\/wp-json\/wp\/v2\/users\/1"}],"replies":[{"embeddable":true,"href":"https:\/\/www.andess.cl\/EMA\/wp-json\/wp\/v2\/comments?post=6"}],"version-history":[{"count":42,"href":"https:\/\/www.andess.cl\/EMA\/wp-json\/wp\/v2\/pages\/6\/revisions"}],"predecessor-version":[{"id":354,"href":"https:\/\/www.andess.cl\/EMA\/wp-json\/wp\/v2\/pages\/6\/revisions\/354"}],"wp:attachment":[{"href":"https:\/\/www.andess.cl\/EMA\/wp-json\/wp\/v2\/media?parent=6"}],"curies":[{"name":"wp","href":"https:\/\/api.w.org\/{rel}","templated":true}]}}