{"id":7,"date":"2025-05-26T03:53:42","date_gmt":"2025-05-26T03:53:42","guid":{"rendered":"https:\/\/www.andess.cl\/reporte2024\/?page_id=7"},"modified":"2025-06-03T16:13:46","modified_gmt":"2025-06-03T16:13:46","slug":"reporte","status":"publish","type":"page","link":"https:\/\/www.andess.cl\/reporte2024\/","title":{"rendered":"Reporte"},"content":{"rendered":"<div class=\"wpb-content-wrapper\">[vc_row][vc_column]<div class=\"vcex-spacing wpex-w-100 wpex-clear\"><\/div>[vc_column_text css=\u00bb\u00bb font_family=\u00bbCatamaran\u00bb]\n<p style=\"text-align: center;\"><span style=\"font-size: 16px;\"><b>Inversiones con visi\u00f3n de futuro: <\/b><b><i>Comprometidos con el agua segura, continua y de la mejor calidad para Chile<\/i><\/b><\/span><\/p>\n[\/vc_column_text][\/vc_column][\/vc_row][vc_row full_width=\u00bbstretch_row_content\u00bb][vc_column]<figure class=\"vcex-image vcex-module textcenter\"><div class=\"vcex-image-inner wpex-relative wpex-inline-block\"><img width=\"1500\" height=\"440\" src=\"https:\/\/www.andess.cl\/reporte2024\/wp-content\/uploads\/2025\/05\/Banner_Reporte_02-1.png\" class=\"vcex-image-img wpex-align-middle\" alt=\"\" loading=\"lazy\" decoding=\"async\" srcset=\"https:\/\/www.andess.cl\/reporte2024\/wp-content\/uploads\/2025\/05\/Banner_Reporte_02-1.png 1500w, https:\/\/www.andess.cl\/reporte2024\/wp-content\/uploads\/2025\/05\/Banner_Reporte_02-1-300x88.png 300w, https:\/\/www.andess.cl\/reporte2024\/wp-content\/uploads\/2025\/05\/Banner_Reporte_02-1-1024x300.png 1024w, https:\/\/www.andess.cl\/reporte2024\/wp-content\/uploads\/2025\/05\/Banner_Reporte_02-1-768x225.png 768w\" sizes=\"auto, (max-width: 1500px) 100vw, 1500px\" \/><\/div><\/figure>[\/vc_column][\/vc_row][vc_row full_width=\u00bbstretch_row_content\u00bb][vc_column][vc_column_text css=\u00bb\u00bb]\n<p style=\"text-align: center;\"><strong><span style=\"font-size: 16px;\">Revisa el reporte aqu\u00ed<\/span><\/strong><\/p>\n[\/vc_column_text][vc_column_text css=\u00bb\u00bb]<div class=\"_df_book df-lite\" id=\"df_82\"  _slug=\"82\" data-title=\"reporte\" wpoptions=\"true\" thumbtype=\"\" ><\/div><script class=\"df-shortcode-script\" nowprocket type=\"application\/javascript\">window.option_df_82 = {\"outline\":[],\"backgroundColor\":\"#ffffff\",\"autoEnableOutline\":\"false\",\"autoEnableThumbnail\":\"false\",\"overwritePDFOutline\":\"false\",\"enableDownload\":\"false\",\"direction\":\"1\",\"pageSize\":\"0\",\"source\":\"https:\\\/\\\/www.andess.cl\\\/reporte2024\\\/wp-content\\\/uploads\\\/2025\\\/06\\\/Reporte_Andess-VF-ok2.pdf\",\"wpOptions\":\"true\"}; if(window.DFLIP && window.DFLIP.parseBooks){window.DFLIP.parseBooks();}<\/script>[\/vc_column_text][\/vc_column][\/vc_row][vc_row][vc_column][vc_column_text css=\u00bb\u00bb font_family=\u00bbCatamaran\u00bb]\n<p style=\"text-align: justify;\"><span style=\"font-weight: 400;\">En 2024, las empresas de servicios sanitarios invirtieron <\/span><b>US$ 561 millones<\/b><span style=\"font-weight: 400;\">, de los cuales cerca del <\/span><b>60% se destin\u00f3 al desarrollo de nueva infraestructura<\/b><span style=\"font-weight: 400;\">. Este esfuerzo permiti\u00f3 avanzar en proyectos clave como nuevas fuentes, plantas de desalaci\u00f3n, experiencias pioneras en recarga y re\u00faso, adem\u00e1s de incorporar tecnolog\u00edas de punta en las redes.<\/span><\/p>\n[\/vc_column_text][vc_empty_space height=\u00bb15px\u00bb][vc_column_text]\n<p style=\"text-align: justify;\"><span style=\"font-size: 18px; color: #33c6f4;\"><b>Desde el a\u00f1o 2000, la inversi\u00f3n acumulada del sector supera los US$ 10.109 millones, reflejo de un compromiso sostenido con la mejora continua y la resiliencia h\u00eddrica.<\/b><\/span><\/p>\n[\/vc_column_text][\/vc_column][\/vc_row][vc_row][vc_column]<div class=\"vcex-module vcex-divider vcex-divider-dotted-line wpex-my-30 vcex-divider-center wpex-mx-auto wpex-block wpex-h-0 wpex-border-b-2 wpex-border-dotted wpex-border-main\" style=\"border-color:#96c9e3bf;\"><\/div>[\/vc_column][\/vc_row][vc_row][vc_column][vc_empty_space height=\u00bb25px\u00bb][vc_column_text css=\u00bb\u00bb]<span style=\"font-size: 21px; color: #0057a8;\"><b>35 a\u00f1os de alianza p\u00fablico-privada<\/b><\/span><\/p>\n<p style=\"text-align: justify;\"><span style=\"font-weight: 400;\">El a\u00f1o 2024 marca un hito: <\/span><b>35 a\u00f1os de exitosa colaboraci\u00f3n entre el Estado y el sector privado<\/b><span style=\"font-weight: 400;\">, que ha permitido que Chile alcance est\u00e1ndares de excelencia en agua potable y saneamiento, con cobertura y continuidad incluso en contextos de sequ\u00eda y cambio clim\u00e1tico.<\/span><\/p>\n[\/vc_column_text][vc_empty_space height=\u00bb15px\u00bb][vc_column_text]\n<p style=\"text-align: justify;\"><span style=\"font-size: 18px; color: #33c6f4;\"><b>Esta colaboraci\u00f3n ha hecho posible que hoy Chile tenga el agua potable m\u00e1s segura de Sudam\u00e9rica.<\/b><\/span><\/p>\n[\/vc_column_text][vc_empty_space height=\u00bb20px\u00bb]<figure class=\"vcex-image vcex-module textcenter\"><div class=\"vcex-image-inner wpex-relative wpex-inline-block\"><img width=\"9999\" height=\"298\" src=\"https:\/\/www.andess.cl\/reporte2024\/wp-content\/uploads\/2025\/05\/frutos2.svg\" class=\"vcex-image-img wpex-align-middle\" alt=\"\" loading=\"lazy\" decoding=\"async\" \/><\/div><\/figure>[\/vc_column][\/vc_row][vc_row][vc_column]<div class=\"vcex-module vcex-divider vcex-divider-dotted-line wpex-my-30 vcex-divider-center wpex-mx-auto wpex-block wpex-h-0 wpex-border-b-2 wpex-border-dotted wpex-border-main\" style=\"border-color:#96c9e3bf;\"><\/div>[\/vc_column][\/vc_row][vc_row][vc_column][vc_empty_space height=\u00bb25px\u00bb][vc_column_text css=\u00bb\u00bb]<span style=\"font-size: 21px; color: #0057a8;\"><b>Un consumo m\u00e1s consciente<\/b><\/span><\/p>\n<p style=\"text-align: justify;\"><span style=\"font-weight: 400;\">Desde el a\u00f1o 2000, el consumo promedio mensual de agua por cliente ha disminuido un <\/span><b>27%<\/b><span style=\"font-weight: 400;\">, pasando de 22,7 m\u00b3 a 16,6 m\u00b3 en 2024. En el caso de los clientes domiciliarios, el consumo promedio actual es de <\/span><b>16,6 m\u00b3\/mes<\/b><span style=\"font-weight: 400;\">, consolidando una tendencia a la baja impulsada por una mayor conciencia h\u00eddrica.<\/span><\/p>\n[\/vc_column_text][vc_empty_space height=\u00bb20px\u00bb]<figure class=\"vcex-image vcex-module textcenter\"><div class=\"vcex-image-inner wpex-relative wpex-inline-block\"><img width=\"9999\" height=\"227\" src=\"https:\/\/www.andess.cl\/reporte2024\/wp-content\/uploads\/2025\/05\/disminucion.svg\" class=\"vcex-image-img wpex-align-middle\" alt=\"\" loading=\"lazy\" decoding=\"async\" \/><\/div><\/figure>[\/vc_column][\/vc_row][vc_row][vc_column]<div class=\"vcex-module vcex-divider vcex-divider-dotted-line wpex-my-30 vcex-divider-center wpex-mx-auto wpex-block wpex-h-0 wpex-border-b-2 wpex-border-dotted wpex-border-main\" style=\"border-color:#96c9e3bf;\"><\/div>[\/vc_column][\/vc_row][vc_row][vc_column][vc_empty_space height=\u00bb25px\u00bb][vc_column_text css=\u00bb\u00bb]<span style=\"font-size: 21px; color: #0057a8;\"><b>Confianza en el agua de la llave<\/b><\/span><\/p>\n<p><span style=\"font-weight: 400;\">Seg\u00fan el <\/span><b>Segundo Bar\u00f3metro Ciudadano de la Crisis H\u00eddrica<\/b><span style=\"font-weight: 400;\">, realizado junto a Criteria en marzo 2024:<\/span><\/p>\n<ul>\n<li style=\"font-weight: 400;\" aria-level=\"1\"><span style=\"font-weight: 400;\">Aument\u00f3 en <\/span><b>13 puntos<\/b><span style=\"font-weight: 400;\"> la preferencia por consumir agua directamente de la llave, por sobre la embotellada.<\/span><\/li>\n<li style=\"font-weight: 400;\" aria-level=\"1\"><span style=\"font-weight: 400;\">El <\/span><b>98% de las personas ha adoptado o est\u00e1 dispuesto a adoptar h\u00e1bitos para cuidar el agua.<\/b><\/li>\n<\/ul>\n[\/vc_column_text][\/vc_column][\/vc_row][vc_row][vc_column]<div class=\"vcex-module vcex-divider vcex-divider-dotted-line wpex-my-30 vcex-divider-center wpex-mx-auto wpex-block wpex-h-0 wpex-border-b-2 wpex-border-dotted wpex-border-main\" style=\"border-color:#96c9e3bf;\"><\/div>[\/vc_column][\/vc_row][vc_row][vc_column][vc_empty_space height=\u00bb20px\u00bb][vc_column_text css=\u00bb\u00bb]<span style=\"font-size: 21px; color: #0057a8;\"><b>Chile, l\u00edder mundial en saneamiento<\/b><\/span><\/p>\n<p style=\"text-align: justify;\"><span style=\"font-weight: 400;\">Seg\u00fan el <\/span><b>Environmental Performance Index (EPI) 2024<\/b><span style=\"font-weight: 400;\">, Chile:<\/span><\/p>\n<ul style=\"text-align: justify;\">\n<li style=\"font-weight: 400;\" aria-level=\"1\"><span style=\"font-weight: 400;\">Ocupa el <\/span><b>1er lugar mundial en tratamiento de aguas residuales<\/b><span style=\"font-weight: 400;\">.<\/span><\/li>\n<li style=\"font-weight: 400;\" aria-level=\"1\"><span style=\"font-weight: 400;\">Es <\/span><b>11\u00ba en recolecci\u00f3n<\/b><span style=\"font-weight: 400;\"> y <\/span><b>18\u00ba en reutilizaci\u00f3n<\/b><span style=\"font-weight: 400;\"> de aguas.<\/span><\/li>\n<li style=\"font-weight: 400;\" aria-level=\"1\"><span style=\"font-weight: 400;\">Junto a Costa Rica, es uno de los <\/span><b>\u00fanicos pa\u00edses de Latinoam\u00e9rica donde es seguro beber agua de la llave<\/b><span style=\"font-weight: 400;\">.<\/span><\/li>\n<\/ul>\n<p style=\"text-align: justify;\"><span style=\"font-weight: 400;\">La <\/span><b>norma chilena 409<\/b><span style=\"font-weight: 400;\"> y m\u00e1s de <\/span><b>un mill\u00f3n de controles anuales<\/b><span style=\"font-weight: 400;\"> aseguran que el agua llegue a cada hogar en calidad, cantidad y continuidad<\/span><\/p>\n[\/vc_column_text][vc_empty_space height=\u00bb20px\u00bb]<figure class=\"vcex-image vcex-module textcenter\"><div class=\"vcex-image-inner wpex-relative wpex-inline-block\"><img width=\"9999\" height=\"196\" src=\"https:\/\/www.andess.cl\/reporte2024\/wp-content\/uploads\/2025\/05\/medalla.svg\" class=\"vcex-image-img wpex-align-middle\" alt=\"\" loading=\"lazy\" decoding=\"async\" \/><\/div><\/figure>[\/vc_column][\/vc_row][vc_row][vc_column]<div class=\"vcex-module vcex-divider vcex-divider-dotted-line wpex-my-30 vcex-divider-center wpex-mx-auto wpex-block wpex-h-0 wpex-border-b-2 wpex-border-dotted wpex-border-main\" style=\"border-color:#96c9e3bf;\"><\/div>[\/vc_column][\/vc_row][vc_row][vc_column][vc_empty_space height=\u00bb25px\u00bb][vc_column_text css=\u00bb\u00bb]<span style=\"font-size: 21px; color: #0057a8;\"><b>Tarifas justas y accesibles<\/b><\/span><\/p>\n<p style=\"text-align: justify;\"><span style=\"font-weight: 400;\">El acceso a agua potable segura no solo es un derecho, tambi\u00e9n es una realidad asequible en Chile:<\/span><\/p>\n<ul style=\"text-align: justify;\">\n<li style=\"font-weight: 400;\" aria-level=\"1\"><span style=\"font-weight: 400;\">El costo promedio por litro de agua potable es de <\/span><b>1,6 pesos<\/b><span style=\"font-weight: 400;\">.<\/span><\/li>\n<li style=\"font-weight: 400;\" aria-level=\"1\"><span style=\"font-weight: 400;\">Las tarifas est\u00e1n entre las <\/span><b>m\u00e1s bajas de los pa\u00edses OCDE<\/b><span style=\"font-weight: 400;\">.<\/span><\/li>\n<\/ul>\n[\/vc_column_text][vc_empty_space height=\u00bb10px\u00bb][\/vc_column][\/vc_row][vc_row][vc_column]<div class=\"vcex-module vcex-divider vcex-divider-dotted-line wpex-my-30 vcex-divider-center wpex-mx-auto wpex-block wpex-h-0 wpex-border-b-2 wpex-border-dotted wpex-border-main\" style=\"border-color:#96c9e3bf;\"><\/div>[\/vc_column][\/vc_row][vc_row][vc_column]<style>.vcex-feature-box.vcex_69f3057851acc{border:#96C9E3BF 5px;}<\/style><style>@media only screen and (min-width: 640px) {.vcex-feature-box.vcex_69f3057851acc .vcex-feature-box-media{width:30%;}.vcex-feature-box.vcex_69f3057851acc .vcex-feature-box-content{width:70%;}}<\/style><div class=\"vcex-module vcex-feature-box wpex-flex wpex-flex-col wpex-sm-flex-row wpex-justify-between wpex-gap-30 left-image-right-content v-align-middle wpex-sm-items-center vcex_69f3057851acc\"><div class=\"vcex-feature-box-media\"><div class=\"vcex-feature-box-image wpex-relative wpex-sm-text-center\"><img width=\"397\" height=\"405\" src=\"https:\/\/www.andess.cl\/reporte2024\/wp-content\/uploads\/2025\/05\/lorena.png\" class=\"wpex-align-middle wpex-object-cover\" alt=\"\" loading=\"lazy\" decoding=\"async\" srcset=\"https:\/\/www.andess.cl\/reporte2024\/wp-content\/uploads\/2025\/05\/lorena.png 397w, https:\/\/www.andess.cl\/reporte2024\/wp-content\/uploads\/2025\/05\/lorena-294x300.png 294w\" sizes=\"auto, (max-width: 397px) 100vw, 397px\" \/><\/div><\/div><div class=\"vcex-feature-box-content\"><h2 class=\"vcex-feature-box-heading wpex-heading wpex-text-lg wpex-mb-20\">Carta de la Presidenta Ejecutiva de Andess, Lorena Schmitt:<\/h2><div class=\"vcex-feature-box-text wpex-last-mb-0 wpex-clr\"><p style=\"text-align: justify\"><b><i>\u201cLa escasez h\u00eddrica y la crisis clim\u00e1tica dejaron hace tiempo de ser advertencias, para ser una realidad, y por eso, nos exigen seguir innovando e invirtiendo. Este 2024, casi el 60% de la inversi\u00f3n total de la industria, que fue de US$ 561 millones, se destin\u00f3 al desarrollo de nueva infraestructura. Destacan grandes hitos en nuevas fuentes, desalaci\u00f3n, experiencias pioneras en recarga, re\u00faso y la incorporaci\u00f3n de nuevas tecnolog\u00edas a las redes, hechos que marcan la historia de nuestro pa\u00eds\u201d.<\/i><\/b><\/p>\n<\/div><\/div><\/div>[\/vc_column][\/vc_row][vc_row][vc_column][vc_btn title=\u00bbVer Reporte\u00bb color=\u00bbpeacoc\u00bb align=\u00bbcenter\u00bb css=\u00bb\u00bb link=\u00bburl:https%3A%2F%2Fwww.andess.cl%2Freporte2024%2Fwp-content%2Fuploads%2F2025%2F06%2FReporte_Andess-VF-ok2.pdf|target:_blank\u00bb][\/vc_column][\/vc_row]\n<\/div>","protected":false},"excerpt":{"rendered":"<p>[vc_row][vc_column][vc_column_text css=\u00bb\u00bb font_family=\u00bbCatamaran\u00bb] Inversiones con visi\u00f3n de futuro: Comprometidos con el agua segura, continua y de la mejor calidad para Chile [\/vc_column_text][\/vc_column][\/vc_row][vc_row full_width=\u00bbstretch_row_content\u00bb][vc_column][\/vc_column][\/vc_row][vc_row full_width=\u00bbstretch_row_content\u00bb][vc_column][vc_column_text css=\u00bb\u00bb] Revisa el reporte aqu\u00ed [\/vc_column_text][vc_column_text css=\u00bb\u00bb][\/vc_column_text][\/vc_column][\/vc_row][vc_row][vc_column][vc_column_text css=\u00bb\u00bb font_family=\u00bbCatamaran\u00bb] En 2024, las empresas de servicios sanitarios invirtieron US$ 561 millones, de los cuales cerca del 60% se destin\u00f3 al desarrollo de&hellip;<\/p>\n","protected":false},"author":1,"featured_media":0,"parent":0,"menu_order":0,"comment_status":"closed","ping_status":"closed","template":"","meta":{"footnotes":""},"class_list":["post-7","page","type-page","status-publish","hentry","entry","no-media"],"_links":{"self":[{"href":"https:\/\/www.andess.cl\/reporte2024\/wp-json\/wp\/v2\/pages\/7","targetHints":{"allow":["GET"]}}],"collection":[{"href":"https:\/\/www.andess.cl\/reporte2024\/wp-json\/wp\/v2\/pages"}],"about":[{"href":"https:\/\/www.andess.cl\/reporte2024\/wp-json\/wp\/v2\/types\/page"}],"author":[{"embeddable":true,"href":"https:\/\/www.andess.cl\/reporte2024\/wp-json\/wp\/v2\/users\/1"}],"replies":[{"embeddable":true,"href":"https:\/\/www.andess.cl\/reporte2024\/wp-json\/wp\/v2\/comments?post=7"}],"version-history":[{"count":61,"href":"https:\/\/www.andess.cl\/reporte2024\/wp-json\/wp\/v2\/pages\/7\/revisions"}],"predecessor-version":[{"id":101,"href":"https:\/\/www.andess.cl\/reporte2024\/wp-json\/wp\/v2\/pages\/7\/revisions\/101"}],"wp:attachment":[{"href":"https:\/\/www.andess.cl\/reporte2024\/wp-json\/wp\/v2\/media?parent=7"}],"curies":[{"name":"wp","href":"https:\/\/api.w.org\/{rel}","templated":true}]}}